{"id":554,"date":"2022-04-26T21:11:31","date_gmt":"2022-04-26T21:11:31","guid":{"rendered":"http:\/\/192.168.22.115\/satelitegas\/?page_id=554"},"modified":"2022-11-29T16:55:42","modified_gmt":"2022-11-29T22:55:42","slug":"aviso-de-privacidad","status":"publish","type":"page","link":"https:\/\/www.satelitegas.com.mx\/index.php\/aviso-de-privacidad\/","title":{"rendered":"Aviso de privacidad"},"content":{"rendered":"<p>[et_pb_section fb_built=\u00bb1&#8243; admin_label=\u00bbsection\u00bb _builder_version=\u00bb3.22&#8243; global_colors_info=\u00bb{}\u00bb][et_pb_row admin_label=\u00bbrow\u00bb _builder_version=\u00bb3.25&#8243; background_size=\u00bbinitial\u00bb background_position=\u00bbtop_left\u00bb background_repeat=\u00bbrepeat\u00bb global_colors_info=\u00bb{}\u00bb][et_pb_column type=\u00bb4_4&#8243; _builder_version=\u00bb3.25&#8243; custom_padding=\u00bb|||\u00bb global_colors_info=\u00bb{}\u00bb custom_padding__hover=\u00bb|||\u00bb][et_pb_text admin_label=\u00bbText\u00bb _builder_version=\u00bb3.27.4&#8243; background_size=\u00bbinitial\u00bb background_position=\u00bbtop_left\u00bb background_repeat=\u00bbrepeat\u00bb global_colors_info=\u00bb{}\u00bb]<\/p>\n<p style=\"text-align: justify;\">La empresa Sat\u00e9lite Gas S.A. de C.V. (en adelante referida como \u201cla empresa\u201d), con domicilio en Sin Nombre Lote 8 Secci\u00f3n B Sin N\u00famero Col. La Victoria, Teoloyucan Estado De M\u00e9xico, C.P. 54770, en observancia a lo que dispone la Ley de Protecci\u00f3n de Datos Personales en Posesi\u00f3n de Particulares (La ley), le informa por este medio que los datos personales que reciba de Usted, tales como: Nombre, Domicilio, Tel\u00e9fono, Correo Electr\u00f3nico, Datos Bancarios y Registro Federal de Contribuyentes; ser\u00e1n tratados con privacidad.<\/p>\n<p style=\"text-align: justify;\">Esta informaci\u00f3n ser\u00e1 tratada \u00fanicamente para los fines propios de la actividad comercial que se desarrolla en \u00e9sta empresa, y por tal motivo, se le hace del conocimiento que a su vez podr\u00e1 ser transferida a terceras personas distintas a esta empresa que le prestan servicios de consultor\u00eda fiscal, legal y financiera, con el solo prop\u00f3sito de hacer cumplir las obligaciones y derechos propios de la relaci\u00f3n comercial y jur\u00eddica que previamente se haya originado, que se inicie a partir de \u00e9ste momento o que en un futuro se origine. Los terceros que reciban la informaci\u00f3n deber\u00e1n atender las mismas condiciones aqu\u00ed establecidas y reguladas por la citada legislaci\u00f3n.<\/p>\n<p style=\"text-align: justify;\">Usted podr\u00e1 realizar cualquier aclaraci\u00f3n o manifestaci\u00f3n relacionada con sus datos personales, as\u00ed como, ejercer sus derechos consagrados en la Ley referentes al Acceso, Rectificaci\u00f3n, Cancelaci\u00f3n y Oposici\u00f3n (ARCO), a trav\u00e9s de un escrito libre que contenga los requisitos que menciona la Ley, as\u00ed como, el motivo del mismo, envi\u00e1ndolo a la siguiente direcci\u00f3n electr\u00f3nica admin@satelitegas.com.mx.<\/p>\n<p style=\"text-align: justify;\">En caso de no consentir la transferencia a terceras personas de sus datos personales, as\u00ed como, a no recibir informaci\u00f3n promocional y comercial de esta empresa, deber\u00e1 manifestarlo a trav\u00e9s de corre o electr\u00f3nico a la cuenta admin@satelitegas.com.mx En caso de no expresar de \u00e9sta manera su negativa a la realizaci\u00f3n de estas acciones, se entender\u00e1 que otorga el consentimiento a la transferencia y uso de su informaci\u00f3n para los fines comerciales de esta empresa.<\/p>\n<p style=\"text-align: justify;\">Cualquier cambio al presente aviso de privacidad, ser\u00e1 notificado por este medio, o publicado en el dominio de Internet: www.satelitegas.com.mx.<\/p>\n<p style=\"text-align: justify;\">Fecha de actualizaci\u00f3n 01 de Abril de 2015.<\/p>\n<p>[\/et_pb_text][\/et_pb_column][\/et_pb_row][\/et_pb_section][et_pb_section fb_built=\u00bb1&#8243; prev_background_color=\u00bb#000000&#8243; admin_label=\u00bbFeatures\u00bb _builder_version=\u00bb4.11.1&#8243; _module_preset=\u00bbdefault\u00bb top_divider_style=\u00bbslant2&#8243; global_colors_info=\u00bb{}\u00bb][et_pb_row _builder_version=\u00bb4.11.1&#8243; _module_preset=\u00bbdefault\u00bb global_colors_info=\u00bb{}\u00bb][et_pb_column type=\u00bb4_4&#8243; _builder_version=\u00bb4.11.1&#8243; _module_preset=\u00bbdefault\u00bb global_colors_info=\u00bb{}\u00bb][et_pb_text _builder_version=\u00bb4.11.1&#8243; _module_preset=\u00bbdefault\u00bb text_font=\u00bbABeeZee|700|||||||\u00bb text_text_color=\u00bb#000000&#8243; text_font_size=\u00bb35px\u00bb text_letter_spacing=\u00bb3px\u00bb global_colors_info=\u00bb{}\u00bb]<\/p>\n<p>Canales de Contacto<\/p>\n<p>[\/et_pb_text][\/et_pb_column][\/et_pb_row][et_pb_row column_structure=\u00bb1_5,1_5,1_5,1_5,1_5&#8243; _builder_version=\u00bb4.5.1&#8243; _module_preset=\u00bbdefault\u00bb global_colors_info=\u00bb{}\u00bb][et_pb_column type=\u00bb1_5&#8243; _builder_version=\u00bb4.5.1&#8243; _module_preset=\u00bbdefault\u00bb global_colors_info=\u00bb{}\u00bb][et_pb_image src=\u00bbhttps:\/\/www.satelitegas.com.mx\/wp-content\/uploads\/2022\/02\/face-sg.png\u00bb title_text=\u00bbface-sg\u00bb url=\u00bbhttps:\/\/www.facebook.com\/SateliteGas\u00bb align=\u00bbcenter\u00bb _builder_version=\u00bb4.11.1&#8243; _module_preset=\u00bbdefault\u00bb background_image=\u00bbhttp:\/\/192.168.22.115\/satelitegas\/wp-content\/uploads\/2022\/02\/sg-1-copia.png\u00bb background_size=\u00bbinitial\u00bb z_index=\u00bb1&#8243; custom_margin=\u00bb||10px||false|false\u00bb global_colors_info=\u00bb{}\u00bb][\/et_pb_image][et_pb_text _builder_version=\u00bb4.11.1&#8243; _module_preset=\u00bbdefault\u00bb text_font=\u00bbABeeZee||||||||\u00bb text_text_color=\u00bb#000000&#8243; text_font_size=\u00bb18px\u00bb text_line_height=\u00bb1.8em\u00bb header_2_line_height=\u00bb1.3em\u00bb header_3_font=\u00bbAutour One|700|||||||\u00bb header_3_line_height=\u00bb1.4em\u00bb background_color=\u00bb#ffffff\u00bb text_orientation=\u00bbcenter\u00bb custom_margin=\u00bb-35px||||false|false\u00bb custom_padding=\u00bb40px|30px|30px|30px|false|true\u00bb link_option_url=\u00bbhttps:\/\/www.facebook.com\/SateliteGas\u00bb text_font_size_tablet=\u00bb\u00bb text_font_size_phone=\u00bb14px\u00bb text_font_size_last_edited=\u00bbon|phone\u00bb header_2_line_height_tablet=\u00bb1.5em\u00bb header_2_line_height_phone=\u00bb1.6em\u00bb header_2_line_height_last_edited=\u00bbon|desktop\u00bb header_3_font_size_tablet=\u00bb18px\u00bb header_3_font_size_phone=\u00bb16px\u00bb header_3_font_size_last_edited=\u00bbon|phone\u00bb header_3_line_height_tablet=\u00bb1.5em\u00bb header_3_line_height_phone=\u00bb1.6em\u00bb header_3_line_height_last_edited=\u00bbon|phone\u00bb border_radii=\u00bbon|10px|10px|10px|10px\u00bb box_shadow_style=\u00bbpreset3&#8243; box_shadow_vertical=\u00bb15px\u00bb box_shadow_blur=\u00bb55px\u00bb box_shadow_spread=\u00bb-10px\u00bb box_shadow_color=\u00bbrgba(19,76,95,0.15)\u00bb global_colors_info=\u00bb{}\u00bb]<\/p>\n<p>Facebook<\/p>\n<p>[\/et_pb_text][\/et_pb_column][et_pb_column type=\u00bb1_5&#8243; _builder_version=\u00bb4.5.1&#8243; _module_preset=\u00bbdefault\u00bb global_colors_info=\u00bb{}\u00bb][et_pb_image src=\u00bbhttps:\/\/www.satelitegas.com.mx\/wp-content\/uploads\/2022\/02\/whats-sg.png\u00bb title_text=\u00bbwhats-sg\u00bb url=\u00bbhttps:\/\/wa.link\/1gdc7k\u00bb align=\u00bbcenter\u00bb _builder_version=\u00bb4.11.1&#8243; _module_preset=\u00bbdefault\u00bb background_image=\u00bbhttp:\/\/192.168.22.115\/satelitegas\/wp-content\/uploads\/2022\/02\/satg-1.png\u00bb background_size=\u00bbinitial\u00bb z_index=\u00bb1&#8243; custom_margin=\u00bb||10px||false|false\u00bb locked=\u00bboff\u00bb global_colors_info=\u00bb{}\u00bb][\/et_pb_image][et_pb_text _builder_version=\u00bb4.11.1&#8243; _module_preset=\u00bbdefault\u00bb text_font=\u00bbABeeZee||||||||\u00bb text_text_color=\u00bb#000000&#8243; text_font_size=\u00bb18px\u00bb text_line_height=\u00bb1.8em\u00bb header_2_line_height=\u00bb1.3em\u00bb header_3_font=\u00bbAutour One|700|||||||\u00bb header_3_line_height=\u00bb1.4em\u00bb background_color=\u00bb#ffffff\u00bb text_orientation=\u00bbcenter\u00bb custom_margin=\u00bb-35px||||false|false\u00bb custom_padding=\u00bb40px|30px|30px|30px|false|true\u00bb link_option_url=\u00bbhttps:\/\/wa.link\/1gdc7k\u00bb text_font_size_tablet=\u00bb\u00bb text_font_size_phone=\u00bb14px\u00bb text_font_size_last_edited=\u00bbon|phone\u00bb header_2_line_height_tablet=\u00bb1.5em\u00bb header_2_line_height_phone=\u00bb1.6em\u00bb header_2_line_height_last_edited=\u00bbon|desktop\u00bb header_3_font_size_tablet=\u00bb18px\u00bb header_3_font_size_phone=\u00bb16px\u00bb header_3_font_size_last_edited=\u00bbon|phone\u00bb header_3_line_height_tablet=\u00bb1.5em\u00bb header_3_line_height_phone=\u00bb1.6em\u00bb header_3_line_height_last_edited=\u00bbon|phone\u00bb border_radii=\u00bbon|10px|10px|10px|10px\u00bb box_shadow_style=\u00bbpreset3&#8243; box_shadow_vertical=\u00bb15px\u00bb box_shadow_blur=\u00bb55px\u00bb box_shadow_spread=\u00bb-10px\u00bb box_shadow_color=\u00bbrgba(19,76,95,0.15)\u00bb locked=\u00bboff\u00bb global_colors_info=\u00bb{}\u00bb]<\/p>\n<p>WhatsApp<\/p>\n<p>[\/et_pb_text][\/et_pb_column][et_pb_column type=\u00bb1_5&#8243; _builder_version=\u00bb4.5.1&#8243; _module_preset=\u00bbdefault\u00bb global_colors_info=\u00bb{}\u00bb][et_pb_image src=\u00bbhttps:\/\/www.satelitegas.com.mx\/wp-content\/uploads\/2022\/03\/pet-shop-31.png\u00bb title_text=\u00bbpet-shop-31&#8243; url=\u00bbmailto:contacto@satelitegas.com.mx\u00bb align=\u00bbcenter\u00bb _builder_version=\u00bb4.11.1&#8243; _module_preset=\u00bbdefault\u00bb background_image=\u00bbhttp:\/\/192.168.22.115\/satelitegas\/wp-content\/uploads\/2022\/02\/sg-1-copia.png\u00bb background_size=\u00bbinitial\u00bb z_index=\u00bb1&#8243; custom_margin=\u00bb||10px||false|false\u00bb locked=\u00bboff\u00bb global_colors_info=\u00bb{}\u00bb][\/et_pb_image][et_pb_text _builder_version=\u00bb4.11.1&#8243; _module_preset=\u00bbdefault\u00bb text_font=\u00bbABeeZee||||||||\u00bb text_text_color=\u00bb#000000&#8243; text_font_size=\u00bb18px\u00bb text_line_height=\u00bb1.8em\u00bb header_2_line_height=\u00bb1.3em\u00bb header_3_font=\u00bbAutour One|700|||||||\u00bb header_3_line_height=\u00bb1.4em\u00bb background_color=\u00bb#ffffff\u00bb text_orientation=\u00bbcenter\u00bb custom_margin=\u00bb-35px||||false|false\u00bb custom_padding=\u00bb40px|30px|30px|30px|false|true\u00bb link_option_url=\u00bbmailto:contacto@satelitegas.com.mx\u00bb text_font_size_tablet=\u00bb\u00bb text_font_size_phone=\u00bb14px\u00bb text_font_size_last_edited=\u00bbon|phone\u00bb header_2_line_height_tablet=\u00bb1.5em\u00bb header_2_line_height_phone=\u00bb1.6em\u00bb header_2_line_height_last_edited=\u00bbon|desktop\u00bb header_3_font_size_tablet=\u00bb18px\u00bb header_3_font_size_phone=\u00bb16px\u00bb header_3_font_size_last_edited=\u00bbon|phone\u00bb header_3_line_height_tablet=\u00bb1.5em\u00bb header_3_line_height_phone=\u00bb1.6em\u00bb header_3_line_height_last_edited=\u00bbon|phone\u00bb border_radii=\u00bbon|10px|10px|10px|10px\u00bb box_shadow_style=\u00bbpreset3&#8243; box_shadow_vertical=\u00bb15px\u00bb box_shadow_blur=\u00bb55px\u00bb box_shadow_spread=\u00bb-10px\u00bb box_shadow_color=\u00bbrgba(19,76,95,0.15)\u00bb locked=\u00bboff\u00bb global_colors_info=\u00bb{}\u00bb]<\/p>\n<p>Correo<\/p>\n<p>[\/et_pb_text][\/et_pb_column][et_pb_column type=\u00bb1_5&#8243; _builder_version=\u00bb4.5.1&#8243; _module_preset=\u00bbdefault\u00bb global_colors_info=\u00bb{}\u00bb][et_pb_image src=\u00bbhttps:\/\/www.satelitegas.com.mx\/wp-content\/uploads\/2022\/02\/tel-sg.png\u00bb title_text=\u00bbtel-sg\u00bb url=\u00bbtel:5558992200&#8243; align=\u00bbcenter\u00bb _builder_version=\u00bb4.11.1&#8243; _module_preset=\u00bbdefault\u00bb background_image=\u00bbhttp:\/\/192.168.22.115\/satelitegas\/wp-content\/uploads\/2022\/02\/satg-1.png\u00bb background_size=\u00bbinitial\u00bb z_index=\u00bb1&#8243; custom_margin=\u00bb||10px||false|false\u00bb locked=\u00bboff\u00bb global_colors_info=\u00bb{}\u00bb][\/et_pb_image][et_pb_text _builder_version=\u00bb4.11.1&#8243; _module_preset=\u00bbdefault\u00bb text_font=\u00bbABeeZee||||||||\u00bb text_text_color=\u00bb#000000&#8243; text_font_size=\u00bb18px\u00bb text_line_height=\u00bb1.8em\u00bb header_2_line_height=\u00bb1.3em\u00bb header_3_font=\u00bbAutour One|700|||||||\u00bb header_3_line_height=\u00bb1.4em\u00bb background_color=\u00bb#ffffff\u00bb text_orientation=\u00bbcenter\u00bb custom_margin=\u00bb-35px||||false|false\u00bb custom_padding=\u00bb40px|30px|30px|30px|false|true\u00bb link_option_url=\u00bbtel:5558992200&#8243; text_font_size_tablet=\u00bb\u00bb text_font_size_phone=\u00bb14px\u00bb text_font_size_last_edited=\u00bbon|phone\u00bb header_2_line_height_tablet=\u00bb1.5em\u00bb header_2_line_height_phone=\u00bb1.6em\u00bb header_2_line_height_last_edited=\u00bbon|desktop\u00bb header_3_font_size_tablet=\u00bb18px\u00bb header_3_font_size_phone=\u00bb16px\u00bb header_3_font_size_last_edited=\u00bbon|phone\u00bb header_3_line_height_tablet=\u00bb1.5em\u00bb header_3_line_height_phone=\u00bb1.6em\u00bb header_3_line_height_last_edited=\u00bbon|phone\u00bb border_radii=\u00bbon|10px|10px|10px|10px\u00bb box_shadow_style=\u00bbpreset3&#8243; box_shadow_vertical=\u00bb15px\u00bb box_shadow_blur=\u00bb55px\u00bb box_shadow_spread=\u00bb-10px\u00bb box_shadow_color=\u00bbrgba(19,76,95,0.15)\u00bb locked=\u00bboff\u00bb global_colors_info=\u00bb{}\u00bb]<\/p>\n<p>Tel\u00e9fono<\/p>\n<p>[\/et_pb_text][\/et_pb_column][et_pb_column type=\u00bb1_5&#8243; _builder_version=\u00bb4.11.1&#8243; _module_preset=\u00bbdefault\u00bb global_colors_info=\u00bb{}\u00bb][et_pb_image src=\u00bbhttps:\/\/www.satelitegas.com.mx\/wp-content\/uploads\/2022\/02\/messenger-sg.png\u00bb title_text=\u00bbmessenger-sg\u00bb url=\u00bbhttps:\/\/m.me\/SateliteGas\u00bb align=\u00bbcenter\u00bb _builder_version=\u00bb4.11.1&#8243; _module_preset=\u00bbdefault\u00bb background_image=\u00bbhttp:\/\/192.168.22.115\/satelitegas\/wp-content\/uploads\/2022\/02\/sg-1-copia.png\u00bb background_size=\u00bbinitial\u00bb z_index=\u00bb1&#8243; custom_margin=\u00bb||10px||false|false\u00bb locked=\u00bboff\u00bb global_colors_info=\u00bb{}\u00bb][\/et_pb_image][et_pb_text _builder_version=\u00bb4.11.1&#8243; _module_preset=\u00bbdefault\u00bb text_font=\u00bbABeeZee||||||||\u00bb text_text_color=\u00bb#000000&#8243; text_font_size=\u00bb18px\u00bb text_line_height=\u00bb1.8em\u00bb header_2_line_height=\u00bb1.3em\u00bb header_3_font=\u00bbAutour One|700|||||||\u00bb header_3_line_height=\u00bb1.4em\u00bb background_color=\u00bb#ffffff\u00bb text_orientation=\u00bbcenter\u00bb custom_margin=\u00bb-35px||||false|false\u00bb custom_padding=\u00bb40px|30px|30px|30px|false|true\u00bb link_option_url=\u00bbhttps:\/\/m.me\/SateliteGas\u00bb text_font_size_tablet=\u00bb\u00bb text_font_size_phone=\u00bb14px\u00bb text_font_size_last_edited=\u00bbon|phone\u00bb header_2_line_height_tablet=\u00bb1.5em\u00bb header_2_line_height_phone=\u00bb1.6em\u00bb header_2_line_height_last_edited=\u00bbon|desktop\u00bb header_3_font_size_tablet=\u00bb18px\u00bb header_3_font_size_phone=\u00bb16px\u00bb header_3_font_size_last_edited=\u00bbon|phone\u00bb header_3_line_height_tablet=\u00bb1.5em\u00bb header_3_line_height_phone=\u00bb1.6em\u00bb header_3_line_height_last_edited=\u00bbon|phone\u00bb border_radii=\u00bbon|10px|10px|10px|10px\u00bb box_shadow_style=\u00bbpreset3&#8243; box_shadow_vertical=\u00bb15px\u00bb box_shadow_blur=\u00bb55px\u00bb box_shadow_spread=\u00bb-10px\u00bb box_shadow_color=\u00bbrgba(19,76,95,0.15)\u00bb locked=\u00bboff\u00bb global_colors_info=\u00bb{}\u00bb]<\/p>\n<p>Messenger<\/p>\n<p>[\/et_pb_text][\/et_pb_column][\/et_pb_row][\/et_pb_section]<\/p>\n","protected":false},"excerpt":{"rendered":"<p>La empresa Sat\u00e9lite Gas S.A. de C.V. (en adelante referida como \u201cla empresa\u201d), con domicilio en Sin Nombre Lote 8 Secci\u00f3n B Sin N\u00famero Col. La Victoria, Teoloyucan Estado De M\u00e9xico, C.P. 54770, en observancia a lo que dispone la Ley de Protecci\u00f3n de Datos Personales en Posesi\u00f3n de Particulares (La ley), le informa por [&hellip;]<\/p>\n","protected":false},"author":2,"featured_media":0,"parent":0,"menu_order":0,"comment_status":"closed","ping_status":"closed","template":"","meta":{"_et_pb_use_builder":"on","_et_pb_old_content":"<p style=\"text-align: justify;\">La empresa Sat\u00e9lite Gas S.A. de C.V. (en adelante referida como \u201cla empresa\u201d), con domicilio en Sin Nombre Lote 8 Secci\u00f3n B Sin N\u00famero Col. La Victoria, Teoloyucan Estado De M\u00e9xico, C.P. 54770, en observancia a lo que dispone la Ley de Protecci\u00f3n de Datos Personales en Posesi\u00f3n de Particulares (La ley), le informa por este medio que los datos personales que reciba de Usted, tales como: Nombre, Domicilio, Tel\u00e9fono, Correo Electr\u00f3nico, Datos Bancarios y Registro Federal de Contribuyentes; ser\u00e1n tratados con privacidad.<\/p>\r\n<p style=\"text-align: justify;\">Esta informaci\u00f3n ser\u00e1 tratada \u00fanicamente para los fines propios de la actividad comercial que se desarrolla en \u00e9sta empresa, y por tal motivo, se le hace del conocimiento que a su vez podr\u00e1 ser transferida a terceras personas distintas a esta empresa que le prestan servicios de consultor\u00eda fiscal, legal y financiera, con el solo prop\u00f3sito de hacer cumplir las obligaciones y derechos propios de la relaci\u00f3n comercial y jur\u00eddica que previamente se haya originado, que se inicie a partir de \u00e9ste momento o que en un futuro se origine. Los terceros que reciban la informaci\u00f3n deber\u00e1n atender las mismas condiciones aqu\u00ed establecidas y reguladas por la citada legislaci\u00f3n.<\/p>\r\n<p style=\"text-align: justify;\">Usted podr\u00e1 realizar cualquier aclaraci\u00f3n o manifestaci\u00f3n relacionada con sus datos personales, as\u00ed como, ejercer sus derechos consagrados en la Ley referentes al Acceso, Rectificaci\u00f3n, Cancelaci\u00f3n y Oposici\u00f3n (ARCO), a trav\u00e9s de un escrito libre que contenga los requisitos que menciona la Ley, as\u00ed como, el motivo del mismo, envi\u00e1ndolo a la siguiente direcci\u00f3n electr\u00f3nica admin@satelitegas.com.mx.<\/p>\r\n<p style=\"text-align: justify;\">En caso de no consentir la transferencia a terceras personas de sus datos personales, as\u00ed como, a no recibir informaci\u00f3n promocional y comercial de esta empresa, deber\u00e1 manifestarlo a trav\u00e9s de corre o electr\u00f3nico a la cuenta admin@satelitegas.com.mx En caso de no expresar de \u00e9sta manera su negativa a la realizaci\u00f3n de estas acciones, se entender\u00e1 que otorga el consentimiento a la transferencia y uso de su informaci\u00f3n para los fines comerciales de esta empresa.<\/p>\r\n<p style=\"text-align: justify;\">Cualquier cambio al presente aviso de privacidad, ser\u00e1 notificado por este medio, o publicado en el dominio de Internet: www.satelitegas.com.mx.<\/p>\r\n<p style=\"text-align: justify;\">Fecha de actualizaci\u00f3n 01 de Abril de 2015.<\/p>","_et_gb_content_width":"","footnotes":""},"class_list":["post-554","page","type-page","status-publish","hentry"],"yoast_head":"<!-- This site is optimized with the Yoast SEO Premium plugin v19.3 (Yoast SEO v20.4) - https:\/\/yoast.com\/wordpress\/plugins\/seo\/ -->\n<title>Aviso de privacidad - satelitegas.com.mx<\/title>\n<meta name=\"description\" content=\"Aviso de privacidad de la empresa Sat\u00e9lite Gas SA de CV con domicilio en Sin Nombre Lote 8 Secci\u00f3n B Sin N\u00famero Col. La Victoria, Teoloyucan\" \/>\n<meta name=\"robots\" content=\"index, follow, max-snippet:-1, max-image-preview:large, max-video-preview:-1\" \/>\n<link rel=\"canonical\" href=\"https:\/\/www.satelitegas.com.mx\/index.php\/aviso-de-privacidad\/\" \/>\n<meta property=\"og:locale\" content=\"es_ES\" \/>\n<meta property=\"og:type\" content=\"article\" \/>\n<meta property=\"og:title\" content=\"Aviso de privacidad\" \/>\n<meta property=\"og:description\" content=\"Aviso de privacidad de la empresa Sat\u00e9lite Gas SA de CV con domicilio en Sin Nombre Lote 8 Secci\u00f3n B Sin N\u00famero Col. La Victoria, Teoloyucan\" \/>\n<meta property=\"og:url\" content=\"https:\/\/www.satelitegas.com.mx\/index.php\/aviso-de-privacidad\/\" \/>\n<meta property=\"og:site_name\" content=\"satelitegas.com.mx\" \/>\n<meta property=\"article:modified_time\" content=\"2022-11-29T22:55:42+00:00\" \/>\n<meta name=\"twitter:card\" content=\"summary_large_image\" \/>\n<meta name=\"twitter:label1\" content=\"Tiempo de lectura\" \/>\n\t<meta name=\"twitter:data1\" content=\"4 minutos\" \/>\n<script type=\"application\/ld+json\" class=\"yoast-schema-graph\">{\"@context\":\"https:\/\/schema.org\",\"@graph\":[{\"@type\":\"WebPage\",\"@id\":\"https:\/\/www.satelitegas.com.mx\/index.php\/aviso-de-privacidad\/\",\"url\":\"https:\/\/www.satelitegas.com.mx\/index.php\/aviso-de-privacidad\/\",\"name\":\"Aviso de privacidad - satelitegas.com.mx\",\"isPartOf\":{\"@id\":\"https:\/\/www.satelitegas.com.mx\/#website\"},\"datePublished\":\"2022-04-26T21:11:31+00:00\",\"dateModified\":\"2022-11-29T22:55:42+00:00\",\"description\":\"Aviso de privacidad de la empresa Sat\u00e9lite Gas SA de CV con domicilio en Sin Nombre Lote 8 Secci\u00f3n B Sin N\u00famero Col. La Victoria, Teoloyucan\",\"breadcrumb\":{\"@id\":\"https:\/\/www.satelitegas.com.mx\/index.php\/aviso-de-privacidad\/#breadcrumb\"},\"inLanguage\":\"es\",\"potentialAction\":[{\"@type\":\"ReadAction\",\"target\":[\"https:\/\/www.satelitegas.com.mx\/index.php\/aviso-de-privacidad\/\"]}]},{\"@type\":\"BreadcrumbList\",\"@id\":\"https:\/\/www.satelitegas.com.mx\/index.php\/aviso-de-privacidad\/#breadcrumb\",\"itemListElement\":[{\"@type\":\"ListItem\",\"position\":1,\"name\":\"Portada\",\"item\":\"https:\/\/www.satelitegas.com.mx\/\"},{\"@type\":\"ListItem\",\"position\":2,\"name\":\"Aviso de privacidad\"}]},{\"@type\":\"WebSite\",\"@id\":\"https:\/\/www.satelitegas.com.mx\/#website\",\"url\":\"https:\/\/www.satelitegas.com.mx\/\",\"name\":\"satelitegas.com.mx\",\"description\":\"Sat\u00e9lite Gas tu empresa de confianza\",\"publisher\":{\"@id\":\"https:\/\/www.satelitegas.com.mx\/#organization\"},\"potentialAction\":[{\"@type\":\"SearchAction\",\"target\":{\"@type\":\"EntryPoint\",\"urlTemplate\":\"https:\/\/www.satelitegas.com.mx\/?s={search_term_string}\"},\"query-input\":\"required name=search_term_string\"}],\"inLanguage\":\"es\"},{\"@type\":\"Organization\",\"@id\":\"https:\/\/www.satelitegas.com.mx\/#organization\",\"name\":\"Sat\u00e9lite Gas LP\",\"url\":\"https:\/\/www.satelitegas.com.mx\/\",\"logo\":{\"@type\":\"ImageObject\",\"inLanguage\":\"es\",\"@id\":\"https:\/\/www.satelitegas.com.mx\/#\/schema\/logo\/image\/\",\"url\":\"https:\/\/www.satelitegas.com.mx\/wp-content\/uploads\/2022\/03\/logotipo-sg1.png\",\"contentUrl\":\"https:\/\/www.satelitegas.com.mx\/wp-content\/uploads\/2022\/03\/logotipo-sg1.png\",\"width\":1500,\"height\":400,\"caption\":\"Sat\u00e9lite Gas LP\"},\"image\":{\"@id\":\"https:\/\/www.satelitegas.com.mx\/#\/schema\/logo\/image\/\"}}]}<\/script>\n<!-- \/ Yoast SEO Premium plugin. -->","yoast_head_json":{"title":"Aviso de privacidad - satelitegas.com.mx","description":"Aviso de privacidad de la empresa Sat\u00e9lite Gas SA de CV con domicilio en Sin Nombre Lote 8 Secci\u00f3n B Sin N\u00famero Col. La Victoria, Teoloyucan","robots":{"index":"index","follow":"follow","max-snippet":"max-snippet:-1","max-image-preview":"max-image-preview:large","max-video-preview":"max-video-preview:-1"},"canonical":"https:\/\/www.satelitegas.com.mx\/index.php\/aviso-de-privacidad\/","og_locale":"es_ES","og_type":"article","og_title":"Aviso de privacidad","og_description":"Aviso de privacidad de la empresa Sat\u00e9lite Gas SA de CV con domicilio en Sin Nombre Lote 8 Secci\u00f3n B Sin N\u00famero Col. La Victoria, Teoloyucan","og_url":"https:\/\/www.satelitegas.com.mx\/index.php\/aviso-de-privacidad\/","og_site_name":"satelitegas.com.mx","article_modified_time":"2022-11-29T22:55:42+00:00","twitter_card":"summary_large_image","twitter_misc":{"Tiempo de lectura":"4 minutos"},"schema":{"@context":"https:\/\/schema.org","@graph":[{"@type":"WebPage","@id":"https:\/\/www.satelitegas.com.mx\/index.php\/aviso-de-privacidad\/","url":"https:\/\/www.satelitegas.com.mx\/index.php\/aviso-de-privacidad\/","name":"Aviso de privacidad - satelitegas.com.mx","isPartOf":{"@id":"https:\/\/www.satelitegas.com.mx\/#website"},"datePublished":"2022-04-26T21:11:31+00:00","dateModified":"2022-11-29T22:55:42+00:00","description":"Aviso de privacidad de la empresa Sat\u00e9lite Gas SA de CV con domicilio en Sin Nombre Lote 8 Secci\u00f3n B Sin N\u00famero Col. La Victoria, Teoloyucan","breadcrumb":{"@id":"https:\/\/www.satelitegas.com.mx\/index.php\/aviso-de-privacidad\/#breadcrumb"},"inLanguage":"es","potentialAction":[{"@type":"ReadAction","target":["https:\/\/www.satelitegas.com.mx\/index.php\/aviso-de-privacidad\/"]}]},{"@type":"BreadcrumbList","@id":"https:\/\/www.satelitegas.com.mx\/index.php\/aviso-de-privacidad\/#breadcrumb","itemListElement":[{"@type":"ListItem","position":1,"name":"Portada","item":"https:\/\/www.satelitegas.com.mx\/"},{"@type":"ListItem","position":2,"name":"Aviso de privacidad"}]},{"@type":"WebSite","@id":"https:\/\/www.satelitegas.com.mx\/#website","url":"https:\/\/www.satelitegas.com.mx\/","name":"satelitegas.com.mx","description":"Sat\u00e9lite Gas tu empresa de confianza","publisher":{"@id":"https:\/\/www.satelitegas.com.mx\/#organization"},"potentialAction":[{"@type":"SearchAction","target":{"@type":"EntryPoint","urlTemplate":"https:\/\/www.satelitegas.com.mx\/?s={search_term_string}"},"query-input":"required name=search_term_string"}],"inLanguage":"es"},{"@type":"Organization","@id":"https:\/\/www.satelitegas.com.mx\/#organization","name":"Sat\u00e9lite Gas LP","url":"https:\/\/www.satelitegas.com.mx\/","logo":{"@type":"ImageObject","inLanguage":"es","@id":"https:\/\/www.satelitegas.com.mx\/#\/schema\/logo\/image\/","url":"https:\/\/www.satelitegas.com.mx\/wp-content\/uploads\/2022\/03\/logotipo-sg1.png","contentUrl":"https:\/\/www.satelitegas.com.mx\/wp-content\/uploads\/2022\/03\/logotipo-sg1.png","width":1500,"height":400,"caption":"Sat\u00e9lite Gas LP"},"image":{"@id":"https:\/\/www.satelitegas.com.mx\/#\/schema\/logo\/image\/"}}]}},"_links":{"self":[{"href":"https:\/\/www.satelitegas.com.mx\/index.php\/wp-json\/wp\/v2\/pages\/554","targetHints":{"allow":["GET"]}}],"collection":[{"href":"https:\/\/www.satelitegas.com.mx\/index.php\/wp-json\/wp\/v2\/pages"}],"about":[{"href":"https:\/\/www.satelitegas.com.mx\/index.php\/wp-json\/wp\/v2\/types\/page"}],"author":[{"embeddable":true,"href":"https:\/\/www.satelitegas.com.mx\/index.php\/wp-json\/wp\/v2\/users\/2"}],"replies":[{"embeddable":true,"href":"https:\/\/www.satelitegas.com.mx\/index.php\/wp-json\/wp\/v2\/comments?post=554"}],"version-history":[{"count":3,"href":"https:\/\/www.satelitegas.com.mx\/index.php\/wp-json\/wp\/v2\/pages\/554\/revisions"}],"predecessor-version":[{"id":751,"href":"https:\/\/www.satelitegas.com.mx\/index.php\/wp-json\/wp\/v2\/pages\/554\/revisions\/751"}],"wp:attachment":[{"href":"https:\/\/www.satelitegas.com.mx\/index.php\/wp-json\/wp\/v2\/media?parent=554"}],"curies":[{"name":"wp","href":"https:\/\/api.w.org\/{rel}","templated":true}]}}